{"id":5632,"date":"2022-07-23T09:38:19","date_gmt":"2022-07-23T09:38:19","guid":{"rendered":"https:\/\/2022.fotografestival.cz\/rocnik-2022\/kontakt\/"},"modified":"2022-08-30T08:09:16","modified_gmt":"2022-08-30T08:09:16","slug":"contact","status":"publish","type":"page","link":"https:\/\/2022.fotografestival.cz\/en\/rocnik-2022\/contact\/","title":{"rendered":"Contact"},"content":{"rendered":"<p><div class=\"d-flex flex-row flex-wrap justify-content-between\"><br \/>\n<div class=\"col-12 col-lg-6 col-xxl-4\">\n<span style=\"font-weight: 400;\">Fotograf Festival is organised by Fotograf\u00a007 z.s.<\/span><br \/>\nJungmannova 7<br \/>\nPraha 1, 110&nbsp;00<br \/>\n<a href=\"javascript:DeCryptX('1j2p3i3r3C1g0o3w1p2i1s0a0f0n2g2v200c2|')\">i&#110;&#102;&#111;&#64;&#102;&#111;to&#103;&#114;&#97;&#102;&#110;et&#46;c&#122;<\/a><br \/>\n+420&nbsp;222&nbsp;942&nbsp;334\n<\/div>\n<br \/>\n<div class=\"col-12 col-lg-6 col-xxl-4\">\n<a href=\"https:\/\/fotografestival.cz\" target=\"_blank\" rel=\"noopener noreferrer\">fotografestival.cz<\/a><br \/>\n<a href=\"https:\/\/fotografgallery.cz\" target=\"_blank\" rel=\"noopener noreferrer\">fotografgallery.cz<\/a><br \/>\n<a href=\"https:\/\/fotografmagazine.cz\" target=\"_blank\" rel=\"noopener noreferrer\">fotografmagazine.cz<\/a>\n<\/div>\n<br \/>\n<div class=\"col-12 col-lg-6 col-xxl-4\">\n<a href=\"https:\/\/drive.google.com\/drive\/u\/1\/folders\/1f5ynETJnAEyupL7lvh0euJ7mYVsk4RbU\" target=\"_blank\" rel=\"noopener\">PR kit<\/a>\n<\/div>\n<br \/>\n<\/div><br \/>\n<div class=\"d-flex flex-row flex-wrap justify-content-between\"><br \/>\n<div class=\"col-12 col-lg-6 col-xxl-4\">\nTereza Rudolf<br \/>\n<span style=\"font-weight: 400;\">Artistic director &amp; curator<\/span><br \/>\n<a href=\"javascript:DeCryptX('2v0e0r1f2|1b0.1s1v3g0o1m2h3C0f0o1u3r0g3u3d1g2p3h1u310c3}')\">te&#114;e&#122;&#97;.rud&#111;&#108;&#102;&#64;&#102;o&#116;&#111;&#103;&#114;&#97;f&#110;e&#116;&#46;c&#122;<\/a>\n<\/div>\n<br \/>\n<div class=\"col-12 col-lg-6 col-xxl-4\">\nSandra Fargula<br \/>\n<span style=\"font-weight: 400;\">Festival Manager<\/span><br \/>\n<a href=\"javascript:DeCryptX('3v0a2p2f1s2c0.2h0a0r2c0g1v2n1b0@3i1p2v1p3j0r0a3i1o0e3w0.2e0z')\">s&#97;&#110;d&#114;&#97;&#46;&#102;&#97;ra&#103;&#117;&#108;&#97;&#64;f&#111;&#116;&#111;g&#114;af&#110;et.&#99;z<\/a>\n<\/div>\n<br \/>\n<div class=\"col-12 col-lg-6 col-xxl-4\">\nJan Hladon\u00edk<br \/>\nPR&nbsp;&amp; Marketing<br \/>\n<a href=\"javascript:DeCryptX('3m1b3q1\/3k2n1b1e2q0n0i1l1A1g3r2v1p3j2t1b3i1o3h2v200c0z')\">&#106;an&#46;&#104;l&#97;d&#111;&#110;&#105;&#107;&#64;&#102;o&#116;&#111;&#103;r&#97;fn&#101;t&#46;c&#122;<\/a><br \/>\n+420&nbsp;773&nbsp;020&nbsp;103\n<\/div>\n<br \/>\n<div class=\"wpa9-accordion-content dasdsa _PfL43G\"><br \/>\n<div class=\"col-12 col-lg-6 col-xxl-4\">\nMark\u00e9ta Mansfieldov\u00e1<br \/>\n<span style=\"font-weight: 400;\">Curator<\/span><br \/>\n<a href=\"javascript:DeCryptX('2o3d0r0k2g2v3d0.1n1b2p0s0f0i1f1m0d2q3y0a1A3i0o3w1p3j1s2c3i0n2g3w201d0z')\">&#109;ar&#107;&#101;&#116;a.m&#97;&#110;&#115;f&#105;eldo&#118;&#97;&#64;&#102;&#111;&#116;o&#103;raf&#110;&#101;t&#46;&#99;z<\/a>\n<\/div>\n<br \/>\n<div class=\"col-12 col-lg-6 col-xxl-4\">\nElisabeth Pichler<br \/>\n<span style=\"font-weight: 400;\">Curator<\/span><br \/>\n<a href=\"javascript:DeCryptX('2g2n1j1t0a0b2g0t2j200p0i0c0h0l1f3u0@2h1p1u1p0g0r2c3i3q3h1u311d2|')\">&#101;&#108;&#105;&#115;a&#98;&#101;t&#104;.&#112;&#105;ch&#108;&#101;&#114;&#64;f&#111;&#116;ograf&#110;et&#46;cz<\/a>\n<\/div>\n<br \/>\n<div class=\"col-12 col-lg-6 col-xxl-4\">\nTereza Vackov\u00e1<br \/>\nMedia Relations<br \/>\n<a href=\"javascript:DeCryptX('2v3h0r0e0z3d313y3d3f3n1p3y2c3C3i2q2v0o0g0r1b0f2p2g3w311d1{')\">t&#101;&#114;e&#122;a.v&#97;&#99;kov&#97;&#64;&#102;ot&#111;g&#114;af&#110;e&#116;.&#99;&#122;<\/a><br \/>\n+420&nbsp;605&nbsp;709&nbsp;741\n<\/div>\n<br \/>\n<div class=\"col-12 col-lg-6 col-xxl-4\">\nSv\u011btlana Malinov\u00e1<br \/>\n<span style=\"font-weight: 400;\">Production<\/span><br \/>\n<a href=\"javascript:DeCryptX('2u3y1f0t2n0a2p0a311n3d1m1j0n3r1w0a0@1g3r0t1p3j2t1b2h0n3h3w312e3}')\">s&#118;et&#108;&#97;n&#97;&#46;&#109;&#97;l&#105;&#110;o&#118;&#97;&#64;f&#111;tog&#114;&#97;&#102;&#110;et&#46;c&#122;<\/a>\n<\/div>\n<br \/>\n<div class=\"col-12 col-lg-6 col-xxl-4\">\nViktorie V\u00edt\u016f<br \/>\n<span style=\"font-weight: 400;\">Assistant of Director &amp; Educational Programme<\/span><br \/>\n<a href=\"javascript:DeCryptX('0v0i2m2v2q0r3l2g1\/0v2k1u0u1A0f3r3w1p3j2t2c2h1o0e1u310c0z')\">&#118;&#105;&#107;&#116;&#111;rie.v&#105;&#116;&#117;&#64;&#102;&#111;&#116;&#111;g&#114;&#97;&#102;&#110;&#101;t.&#99;&#122;<\/a>\n<\/div>\n<br \/>\n<div class=\"col-12 col-lg-6 col-xxl-4\">\nTom\u00e1\u0161 Vobo\u0159il<br \/>\n<span style=\"font-weight: 400;\">Assistant<\/span><br \/>\n<a href=\"javascript:DeCryptX('3w1p2o0a3v310v0o1c0o0r3l0l2B1g0o2v2q0g2t0a1g0n1f0t203f0z')\">&#116;om&#97;&#115;&#46;v&#111;&#98;&#111;&#114;&#105;l&#64;f&#111;&#116;og&#114;&#97;fn&#101;t&#46;&#99;&#122;<\/a>\n<\/div>\n<br \/>\n<div class=\"col-12 col-lg-6 col-xxl-4\">\nNikola Schnitzerov\u00e1<br \/>\nguest service<br \/>\n<a href=\"javascript:DeCryptX('1o1j2m1p1m1b0.2u3f0h0n1j0t0z0e0r1p3y2c1A3i1p1u2q0g3u2c3i1o1f3w312e3}')\">&#110;&#105;kola&#46;sc&#104;&#110;it&#122;&#101;&#114;&#111;&#118;a&#64;&#102;o&#116;&#111;&#103;ra&#102;&#110;&#101;&#116;&#46;c&#122;<\/a>\n<\/div>\n<br \/>\n<div class=\"col-12 col-lg-6 col-xxl-4\">\nPavel Mat\u011bj<br \/>\ntechnical production<br \/>\n<a href=\"javascript:DeCryptX('0p2c3y3h2n0.0m2c2v0e0j3C1g0o2v1p1h2t3d0f0n2g2v0.0c1{')\">&#112;a&#118;&#101;&#108;.&#109;&#97;&#116;ej&#64;f&#111;&#116;ograf&#110;et&#46;cz<\/a>\n<\/div>\n<br \/>\n<div class=\"col-12 col-lg-6 col-xxl-4\">\nMarie Rozm\u00e1nkov\u00e1<br \/>\n<span style=\"font-weight: 400;\">Finances and Administration<\/span><br \/>\n<a href=\"javascript:DeCryptX('2o1b3u1j3h313u1p1{1n2c3q3n1p0v0a1A0f3r2v1p2i0r2c3i1o0e1u1\/3f1{')\">mari&#101;&#46;&#114;&#111;&#122;m&#97;nko&#118;&#97;&#64;&#102;otogr&#97;f&#110;et.c&#122;<\/a>\n<\/div>\n<br \/>\n<div class=\"col-12 col-lg-6 col-xxl-4\">\nAd\u00e9la Vosi\u010dkov\u00e1, Dita Havr\u00e1nkov\u00e1, Jan Kolsk\u00fd<br \/>\n<span style=\"font-weight: 400;\">Photodocumentation<\/span>\n<\/div>\n<br \/>\n<div class=\"col-12 col-lg-6 col-xxl-4\">\nBronislav Musil<br \/>\n<span style=\"font-weight: 400;\">Graphic designer<br \/>\n<\/span><\/div>\n<br \/>\n<div class=\"col-12 col-lg-6 col-xxl-4\">\nAle\u0161 Loziak<br \/>\nWebmaster<br \/>\n<a href=\"javascript:DeCryptX('1b1m0e3v311m0o1{3l1b3n3C2h2q2v1p2i3u0a3i3q1f0t0.1d3}')\">&#97;les.l&#111;z&#105;&#97;k&#64;&#102;&#111;tog&#114;afn&#101;&#116;&#46;&#99;z<\/a>\n<\/div>\n<br \/>\n<div class=\"col-12 col-lg-6 col-xxl-4\">\nIan\u00a0Mikyska, Lenka\u00a0M.\u00a0\u010capkov\u00e1, Franti\u0161ka\u00a0Bla\u017ekov\u00e1<br \/>\n<span style=\"font-weight: 400;\">translations<\/span>\n<\/div>\n<br \/>\n<\/div>\r\n\t<div class=\"wpa9-accordion-toggler\">\r\n\t\t<a href=\"javascript:void(0);\" class=\"wpa9-accordion-toggler-opener meta-show-more\" data-toggle=\"_PfL43G\" title=\"More\"><span>More<\/span><\/a>\r\n\t\t<a href=\"javascript:void(0);\" class=\"wpa9-accordion-toggler-closer meta-show-less\" data-toggle=\"_PfL43G\" title=\"Less\"><span>Less<\/span><\/a>\r\n\t<\/div><br \/>\n<\/div><\/p>\n","protected":false},"excerpt":{"rendered":"","protected":false},"author":10,"featured_media":0,"parent":5444,"menu_order":0,"comment_status":"closed","ping_status":"closed","template":"","meta":{"_acf_changed":false,"footnotes":""},"acf":[],"_links":{"self":[{"href":"https:\/\/2022.fotografestival.cz\/en\/wp-json\/wp\/v2\/pages\/5632"}],"collection":[{"href":"https:\/\/2022.fotografestival.cz\/en\/wp-json\/wp\/v2\/pages"}],"about":[{"href":"https:\/\/2022.fotografestival.cz\/en\/wp-json\/wp\/v2\/types\/page"}],"author":[{"embeddable":true,"href":"https:\/\/2022.fotografestival.cz\/en\/wp-json\/wp\/v2\/users\/10"}],"replies":[{"embeddable":true,"href":"https:\/\/2022.fotografestival.cz\/en\/wp-json\/wp\/v2\/comments?post=5632"}],"version-history":[{"count":5,"href":"https:\/\/2022.fotografestival.cz\/en\/wp-json\/wp\/v2\/pages\/5632\/revisions"}],"predecessor-version":[{"id":5979,"href":"https:\/\/2022.fotografestival.cz\/en\/wp-json\/wp\/v2\/pages\/5632\/revisions\/5979"}],"up":[{"embeddable":true,"href":"https:\/\/2022.fotografestival.cz\/en\/wp-json\/wp\/v2\/pages\/5444"}],"wp:attachment":[{"href":"https:\/\/2022.fotografestival.cz\/en\/wp-json\/wp\/v2\/media?parent=5632"}],"curies":[{"name":"wp","href":"https:\/\/api.w.org\/{rel}","templated":true}]}}