{"id":5445,"date":"2022-06-23T11:43:47","date_gmt":"2022-06-23T11:43:47","guid":{"rendered":"https:\/\/2022.fotografestival.cz\/rocnik-2022\/fotograf-festival-11\/"},"modified":"2022-08-15T11:46:51","modified_gmt":"2022-08-15T11:46:51","slug":"festival-fotograf-12","status":"publish","type":"page","link":"https:\/\/2022.fotografestival.cz\/en\/","title":{"rendered":"Festival Fotograf #12"},"content":{"rendered":"<div id=\"pl-5445\"  class=\"panel-layout\" ><div id=\"pg-5445-0\"  class=\"panel-grid panel-no-style\" ><div id=\"pgc-5445-0-0\"  class=\"panel-grid-cell\" ><div id=\"panel-5445-0-0-0\" class=\"so-panel widget widget_sow-editor panel-first-child panel-last-child width-normal\" data-index=\"0\" ><div class=\"festival-info panel-widget-style panel-widget-style-for-5445-0-0-0\" ><div\n\t\t\t\n\t\t\tclass=\"so-widget-sow-editor so-widget-sow-editor-base\"\n\t\t\t\n\t\t>\n<div class=\"siteorigin-widget-tinymce textwidget\">\n\t<h1>No One Belongs Here More Than You<\/h1>\n<p>What we can witness in postsocialist Central and Eastern European countries nowadays, as well as in the Former West, is the rise of nationalist, populist, and far-right tendencies that are becoming increasingly normalised in our societies. Embraced by political representation, the implementation of discriminatory and exclusionary structures is justified by the vision of a&nbsp;uniform community. By making tangible borders and those in our minds more impermeable, this becomes visible in both public and virtual spaces.<\/p>\n<p>The 12th edition of the Fotograf Festival explores the role of contemporary art in confronting these pressing social issues and asks how do photography and moving image contribute to the representation, understanding, and subversion of such political tendencies and their manifestations in spaces to which we belong. Accordingly, the festival brings together documentary, media-reflexive and activist approaches and sets a&nbsp;thematic focal point at each exhibition venue.<\/p>\n<p>The central exhibition \u201cNo One Belongs Here More Than You\u201d at the National Gallery\u2019s Trade Fair Palace presents artistic strategies that question nationalist narratives as well as their fabrication and manipulation for cultural and political purposes. The exhibition \u201cExtremely Normal\u201d in the Fotograf Gallery asks how to come to terms with the far right by visual means, particularly in relation to contemporary photography and audiovisual art. Coming to terms with the contemporary visual presence of far-right symbolism in the public space is the theme of the exhibition \u201cOutlet\u201d presented at the Artwall Gallery.<\/p>\n<div class=\"wpa9-accordion-content dasdsa _NH8YOB\"><\/p>\n<p>The representation of nationalist narratives in the public realm is reflected at the VI PER Gallery. The exhibition \u201cContesting Sites of Memory\u201d challenges the idea of a&nbsp;universally shared national heritage. A&nbsp;shared space is open at the Jelen\u00ed Gallery where the Office group invites visitors to develop \u201cPractices of Belonging\u201d. Outside of Prague, the exhibition at the Hrani\u010d\u00e1\u0159 Gallery also searches for \u201cCommon Grounding\u201d, taking into account the specific context of \u00dast\u00ed nad Labem. In collaboration with the etc. gallery, the festival presents audiovisual production that uses its evidential power to counter repressive ideologies.<\/p>\n<p>Bringing together local and international artistic positions, the festival gives a&nbsp;platform to a&nbsp;variety of artistic strategies, perspectives, and specific contexts. An overall comparative view of the works makes it possible to perceive both commonalities and particularities, allowing for the reflection of one's own situatedness. By doing so, the festival aims to create interconnected environments where artistic and theoretical approaches could be shared and discussed with the audience.<\/p>\n<p>The festival is curated by a&nbsp;group of female curators including Mark\u00e9ta Mansfieldov\u00e1, Elisabeth Pichler, and Tereza Rudolf, and consists of exhibitions, discursive events, and artistic interventions, which take place during September and October 2022.<\/p>\n<p><\/div>\r\n\t<div class=\"wpa9-accordion-toggler\">\r\n\t\t<a href=\"javascript:void(0);\" class=\"wpa9-accordion-toggler-opener meta-show-more\" data-toggle=\"_NH8YOB\" title=\"More\"><span>More<\/span><\/a>\r\n\t\t<a href=\"javascript:void(0);\" class=\"wpa9-accordion-toggler-closer meta-show-less\" data-toggle=\"_NH8YOB\" title=\"Less\"><span>Less<\/span><\/a>\r\n\t<\/div>\n<\/div>\n<\/div><\/div><\/div><\/div><div id=\"pgc-5445-0-1\"  class=\"panel-grid-cell\" ><div id=\"panel-5445-0-1-0\" class=\"so-panel widget widget_sow-image panel-first-child panel-last-child\" data-index=\"1\" ><div class=\"home-img panel-widget-style panel-widget-style-for-5445-0-1-0\" ><div\n\t\t\t\n\t\t\tclass=\"so-widget-sow-image so-widget-sow-image-default-a558930476ae-5445\"\n\t\t\t\n\t\t>\n\n<div class=\"sow-image-container\">\n\t\t<img loading=\"lazy\" decoding=\"async\" src=\"https:\/\/2022.fotografestival.cz\/wp-content\/uploads\/werner_hand.jpg\" width=\"1810\" height=\"2560\" sizes=\"(max-width: 1810px) 100vw, 1810px\" title=\"Christina Werner, from the work \u201eNeues Europa\u201c, Neues Europa #3, fineart print on aluminum, 37 x 57 cm, 2013. copyright: Bildrecht Vienna\/Christina Werner\" alt=\"Christina Werner, from the work \u201eNeues Europa\u201c, Neues Europa #3, fineart print on aluminum, 37 x 57 cm, 2013. copyright: Bildrecht Vienna\/Christina Werner\" \t\tclass=\"so-widget-image rounded-default\"\/>\n\t<\/div>\n\n<h3 class=\"widget-title\">Christina Werner, from the work \u201eNeues Europa\u201c, Neues Europa #3, fineart print on aluminum, 37 x 57 cm, 2013.&nbsp;copyright: Bildrecht Vienna\/Christina Werner<\/h3><\/div><\/div><\/div><\/div><\/div><\/div>","protected":false},"excerpt":{"rendered":"<p>No One Belongs Here More Than You What we can witness in postsocialist Central and Eastern European countries nowadays, as well as in the Former West, is the rise of nationalist, populist, and far-right tendencies that are becoming increasingly normalised in our societies. Embraced by political representation, the implementation of discriminatory and exclusionary structures is [&hellip;]<\/p>\n","protected":false},"author":10,"featured_media":0,"parent":5444,"menu_order":0,"comment_status":"closed","ping_status":"closed","template":"","meta":{"_acf_changed":false,"footnotes":""},"acf":[],"_links":{"self":[{"href":"https:\/\/2022.fotografestival.cz\/en\/wp-json\/wp\/v2\/pages\/5445"}],"collection":[{"href":"https:\/\/2022.fotografestival.cz\/en\/wp-json\/wp\/v2\/pages"}],"about":[{"href":"https:\/\/2022.fotografestival.cz\/en\/wp-json\/wp\/v2\/types\/page"}],"author":[{"embeddable":true,"href":"https:\/\/2022.fotografestival.cz\/en\/wp-json\/wp\/v2\/users\/10"}],"replies":[{"embeddable":true,"href":"https:\/\/2022.fotografestival.cz\/en\/wp-json\/wp\/v2\/comments?post=5445"}],"version-history":[{"count":5,"href":"https:\/\/2022.fotografestival.cz\/en\/wp-json\/wp\/v2\/pages\/5445\/revisions"}],"predecessor-version":[{"id":5651,"href":"https:\/\/2022.fotografestival.cz\/en\/wp-json\/wp\/v2\/pages\/5445\/revisions\/5651"}],"up":[{"embeddable":true,"href":"https:\/\/2022.fotografestival.cz\/en\/wp-json\/wp\/v2\/pages\/5444"}],"wp:attachment":[{"href":"https:\/\/2022.fotografestival.cz\/en\/wp-json\/wp\/v2\/media?parent=5445"}],"curies":[{"name":"wp","href":"https:\/\/api.w.org\/{rel}","templated":true}]}}