{"id":4881,"date":"2021-06-22T11:44:30","date_gmt":"2021-06-22T11:44:30","guid":{"rendered":"https:\/\/fotografestival.cz\/2021\/kontakt\/"},"modified":"2021-07-24T06:39:10","modified_gmt":"2021-07-24T06:39:10","slug":"contact","status":"publish","type":"page","link":"https:\/\/2022.fotografestival.cz\/en\/rocnik-2021\/contact\/","title":{"rendered":"Contact"},"content":{"rendered":"<div class=\"col-12 col-lg-6 col-xxl-4\">\n<p><strong>Fotograf Festival is organised by<\/strong><br \/>\nFotograf 07 z.s.<br \/>\nJungmannova 7<br \/>\nPrague 1, 110&nbsp;00<br \/>\n<a href=\"javascript:DeCryptX('1j0n0f3r2B2h3r2v2q2i1s3d0f1o3h2v0.1d2|')\">&#105;&#110;&#102;o&#64;fo&#116;ografne&#116;&#46;&#99;&#122;<\/a><br \/>\n+420&nbsp;222&nbsp;942&nbsp;334<\/p>\n<\/div>\n\n<div class=\"col-12 col-lg-6 col-xxl-4\">\n<p><a href=\"https:\/\/fotografestival.cz\" target=\"_blank\" rel=\"noopener noreferrer\">fotografestival.cz<\/a><br \/>\n<a href=\"https:\/\/fotografgallery.cz\" target=\"_blank\" rel=\"noopener noreferrer\">fotografgallery.cz<\/a><br \/>\n<a href=\"https:\/\/fotografmagazine.cz\" target=\"_blank\" rel=\"noopener noreferrer\">fotografmagazine.cz<\/a><\/p>\n<\/div>\n\n<div class=\"col-12 col-lg-6 col-xxl-4\">\n<p><a class=\"icon icon-facebook icon-scnet shadow shadow-blue\" href=\"https:\/\/www.facebook.com\/fotograf.zone\" target=\"_blank\" rel=\"noopener noreferrer\"><span>Fotograf Festival Facebook profile<\/span><\/a><a class=\"icon icon-instagram icon-scnet shadow shadow-blue\" href=\"https:\/\/www.instagram.com\/fotograf.zone\/\" target=\"_blank\" rel=\"noopener noreferrer\"><span>Fotograf Festival Facebook profile<\/span><\/a><a class=\"icon icon-youtube icon-scnet shadow shadow-blue\" href=\"https:\/\/www.youtube.com\/user\/FotografOnUtube\" target=\"_blank\" rel=\"noopener noreferrer\"><span>Fotograf Festival Facebook profile<\/span><\/a><a class=\"icon icon-vimeo icon-scnet shadow shadow-blue\" href=\"#\" target=\"_blank\" rel=\"noopener noreferrer\"><span>Fotograf Festival Facebook profile<\/span><\/a><\/p>\n<\/div>\n\n<p>&nbsp;<\/p>\n<div class=\"col-12 col-lg-6 col-xxl-4\">\n<p><strong>Iva Svobodov\u00e1<\/strong><br \/>\nfestival manager<br \/>\n<a href=\"javascript:DeCryptX('3l3y3d1\/3v3y1p3e3r3g2q1w1b3C2h2q0t1p0g3u1b3i3q2g1u203f3}')\">i&#118;&#97;&#46;&#115;v&#111;&#98;o&#100;&#111;&#118;a&#64;f&#111;t&#111;&#103;r&#97;&#102;&#110;e&#116;&#46;&#99;z<\/a><br \/>\n+420\u00a0606\u00a0399&nbsp;790<\/p>\n<\/div>\n\n<div class=\"col-12 col-lg-6 col-xxl-4\">\n<p><strong>Zuzana Ho\u0161kov\u00e1<\/strong><br \/>\nPR&nbsp;<br \/>\n<a href=\"javascript:DeCryptX('0z1v0z1b3q2c0.3k1p1t0k0o1w1b1A1g0o2v1p2i1s0a1g0n2g3w0.2e0z')\">z&#117;&#122;a&#110;a&#46;&#104;os&#107;ova&#64;&#102;ot&#111;&#103;&#114;&#97;&#102;net.c&#122;<\/a><br \/>\n+420&nbsp;608&nbsp;427&nbsp;516<\/p>\n<\/div>\n\n<div class=\"col-12 col-lg-6 col-xxl-4\">\n<p><strong>Luk\u00e1\u0161 Likav\u010dan<\/strong><br \/>\nkur\u00e1tor<br \/>\n<a href=\"javascript:DeCryptX('1m3l0k1b1w0c1b3q201m3x2m2c3v3C1h0m1b3l0l1\/3f2q1n')\">l&#105;kav&#99;&#97;&#110;.l&#117;ka&#115;&#64;gma&#105;&#108;&#46;&#99;&#111;m<\/a><br \/>\n+420&nbsp;778&nbsp;018&nbsp;785<\/p>\n<\/div>\n\n<div class=\"wpa9-accordion-content dasdsa _G4QV59\"><\/p>\n<p><div class=\"col-12 col-lg-6 col-xxl-4\">\n<p><strong>Tereza Rudolf<\/strong><br \/>\nart director &amp; curator<br \/>\n<a href=\"javascript:DeCryptX('1u3h1s2g2|0a0.1s0u2f0o1m0f2B1g0o3w1p3j0r1b2h3q2g3w0.3f3}')\">&#116;&#101;r&#101;za.r&#117;d&#111;l&#102;&#64;&#102;&#111;to&#103;&#114;af&#110;&#101;&#116;&#46;&#99;&#122;<\/a>\u200b<br \/>\n+420&nbsp;603&nbsp;563&nbsp;009<\/p>\n<\/div>\n<\/p>\n<p><div class=\"col-12 col-lg-6 col-xxl-4\">\n<p><strong>Viktorie V\u00edt\u016f<\/strong><br \/>\naccompanying and educational program<br \/>\n<a href=\"javascript:DeCryptX('3y2k1l1u2q2t2k3h310v1j1u2w0@2h0o2v0o3j3u3d0f2p1f2v1\/1d2|')\">vik&#116;or&#105;&#101;&#46;v&#105;tu&#64;&#102;o&#116;og&#114;afne&#116;.c&#122;<\/a><\/p>\n<\/div>\n<\/p>\n<p><div class=\"col-12 col-lg-6 col-xxl-4\">\n<p><strong>Veronika Da\u0148helov\u00e1<\/strong><br \/>\nportfolio review\u200b<br \/>\n<a href=\"javascript:DeCryptX('3y2g2t2q1o1j2m3d310d0a2p2j0e0l3r2x1b0@0f2q2v0o2i2t2c3i2p1f2v1\/0c0z')\">ve&#114;&#111;n&#105;ka.dan&#104;elov&#97;&#64;fot&#111;graf&#110;e&#116;.&#99;&#122;<\/a><br \/>\n+420&nbsp;603&nbsp;425&nbsp;057<\/p>\n<\/div>\n<\/p>\n<p><div class=\"col-12 col-lg-6 col-xxl-4\">\n<p><strong>Eli\u0161ka \u017d\u00e1kov\u00e1<\/strong><br \/>\nguest service<br \/>\n<a href=\"javascript:DeCryptX('3h1m1j3v1l2c312|1b2m1p3y1b0@3i3r0t0o3j3u3d3i2p3h0t1\/1d2|')\">&#101;&#108;&#105;&#115;ka.&#122;a&#107;&#111;v&#97;&#64;&#102;o&#116;&#111;&#103;&#114;a&#102;&#110;&#101;&#116;&#46;c&#122;<\/a><br \/>\n+420&nbsp;732&nbsp;699&nbsp;498<\/p>\n<\/div>\n<\/p>\n<p><div class=\"col-12 col-lg-6 col-xxl-4\">\n<p><strong>Pavel Mat\u011bj<\/strong><br \/>\ntechnical production<br \/>\n<a href=\"javascript:DeCryptX('1q1b0v0e3o1\/0m0a0t1f3m2B2h2q3w0o2i2t3d1g1o3h2v1\/3f3}')\">&#112;ave&#108;&#46;m&#97;tej&#64;fot&#111;gr&#97;fnet&#46;cz<\/a><br \/>\n+420&nbsp;775&nbsp;309&nbsp;312<\/p>\n<\/div>\n<\/p>\n<p><div class=\"col-12 col-lg-6 col-xxl-4\">\n<p><strong>Mark\u00e9ta Kinterov\u00e1<\/strong><br \/>\nexecutive director Fotograf 07<br \/>\n<a href=\"javascript:DeCryptX('3p1b3u1l0e3w2c1\/3n1j3q2v3h0r0o1w3d1A3i3r1u0o3j2t1b0f3q1f1u1\/0c0z')\">&#109;&#97;rket&#97;.&#107;&#105;nt&#101;r&#111;v&#97;&#64;f&#111;t&#111;gr&#97;fne&#116;&#46;&#99;z<\/a><\/p>\n<\/div>\n<\/p>\n<p><div class=\"col-12 col-lg-6 col-xxl-4\">\n<p><strong>Marie Rozm\u00e1nkov\u00e1<\/strong><br \/>\nfinance &amp; office manager<br \/>\n<a href=\"javascript:DeCryptX('1n3d2t2k2g200r0o3}0m2c1o0k3r2x2c1A0f2q1u1p2i3u3d2h2p1f2v203f3}')\">&#109;a&#114;ie&#46;r&#111;zm&#97;&#110;&#107;o&#118;&#97;&#64;&#102;o&#116;ogra&#102;n&#101;t.&#99;z<\/a><\/p>\n<\/div>\n<\/p>\n<p><div class=\"col-12 col-lg-6 col-xxl-4\">\n<p><strong>Ad\u00e9la Vosi\u010dkov\u00e1, Dita Havr\u00e1nkov\u00e1, Jan Kolsk\u00fd<\/strong><br \/>\nphoto-documentation<\/p>\n<\/div>\n<\/p>\n<p><div class=\"col-12 col-lg-6 col-xxl-4\">\n<p><strong>Ale\u0161 Loziak<\/strong><br \/>\nwebmaster<br \/>\n<a href=\"javascript:DeCryptX('0a1m0e0s0.2n1p3}0i3d0k2B3j1n3d2k2n203f3r1n')\">ales&#46;lo&#122;ia&#107;&#64;&#103;&#109;&#97;&#105;&#108;&#46;c&#111;&#109;<\/a><\/p>\n<p><strong>Bronislav Musil<\/strong><br \/>\ngraphics design<br \/>\n<a href=\"javascript:DeCryptX('1c1s1p0n0a312o2w1t3l1m1A0g3p2c2k2n310c0o3p')\">br&#111;n&#97;&#46;&#109;&#117;sil&#64;&#103;ma&#105;&#108;&#46;&#99;&#111;&#109;<\/a><\/p>\n<\/div>\n<\/p>\n<p><\/div>\r\n\t<div class=\"wpa9-accordion-toggler\">\r\n\t\t<a href=\"javascript:void(0);\" class=\"wpa9-accordion-toggler-opener meta-show-more\" data-toggle=\"_G4QV59\" title=\"More\"><span>More<\/span><\/a>\r\n\t\t<a href=\"javascript:void(0);\" class=\"wpa9-accordion-toggler-closer meta-show-less\" data-toggle=\"_G4QV59\" title=\"Less\"><span>Less<\/span><\/a>\r\n\t<\/div>\n","protected":false},"excerpt":{"rendered":"<p>&nbsp;<\/p>\n","protected":false},"author":10,"featured_media":0,"parent":4887,"menu_order":0,"comment_status":"closed","ping_status":"closed","template":"","meta":{"_acf_changed":false,"footnotes":""},"acf":[],"_links":{"self":[{"href":"https:\/\/2022.fotografestival.cz\/en\/wp-json\/wp\/v2\/pages\/4881"}],"collection":[{"href":"https:\/\/2022.fotografestival.cz\/en\/wp-json\/wp\/v2\/pages"}],"about":[{"href":"https:\/\/2022.fotografestival.cz\/en\/wp-json\/wp\/v2\/types\/page"}],"author":[{"embeddable":true,"href":"https:\/\/2022.fotografestival.cz\/en\/wp-json\/wp\/v2\/users\/10"}],"replies":[{"embeddable":true,"href":"https:\/\/2022.fotografestival.cz\/en\/wp-json\/wp\/v2\/comments?post=4881"}],"version-history":[{"count":2,"href":"https:\/\/2022.fotografestival.cz\/en\/wp-json\/wp\/v2\/pages\/4881\/revisions"}],"predecessor-version":[{"id":4933,"href":"https:\/\/2022.fotografestival.cz\/en\/wp-json\/wp\/v2\/pages\/4881\/revisions\/4933"}],"up":[{"embeddable":true,"href":"https:\/\/2022.fotografestival.cz\/en\/wp-json\/wp\/v2\/pages\/4887"}],"wp:attachment":[{"href":"https:\/\/2022.fotografestival.cz\/en\/wp-json\/wp\/v2\/media?parent=4881"}],"curies":[{"name":"wp","href":"https:\/\/api.w.org\/{rel}","templated":true}]}}