{"id":4238,"date":"2020-09-05T08:08:22","date_gmt":"2020-09-05T08:08:22","guid":{"rendered":"https:\/\/fotografestival.cz\/2021\/2020-2\/adresar\/"},"modified":"2020-09-21T08:43:00","modified_gmt":"2020-09-21T08:43:00","slug":"address-book","status":"publish","type":"page","link":"https:\/\/2022.fotografestival.cz\/en\/2020-2\/address-book\/","title":{"rendered":"Address book"},"content":{"rendered":"<p>[row]<\/p>\n<p>[column class=&#8221;col-12 col-lg-6&#8243;]<\/p>\n<p class=\"p1\">Mark\u00e9ta Kinterov\u00e1<br \/>\ndirector<br \/>\n<a href=\"javascript:DeCryptX('0m0a0r3n3h3w0a1\/0k3l0n1u2g0r2q0v2c3C1g1p2v3r0g1s1b0f3q3h1u200c1{')\">&#109;a&#114;ket&#97;.&#107;&#105;&#110;t&#101;&#114;&#111;&#118;a&#64;f&#111;t&#111;&#103;&#114;&#97;fn&#101;&#116;.&#99;&#122;<\/a><\/p>\n<p>Tereza Rudolf<br \/>\nart director &amp; curator<br \/>\n<a href=\"javascript:DeCryptX('3w1f2t2g3}0a1\/0r3x3g3r2n1g2B2h0o1u2q3j2t3d0f0n3h1u310c0z')\">t&#101;&#114;e&#122;&#97;.&#114;u&#100;ol&#102;&#64;fo&#116;&#111;grafne&#116;&#46;c&#122;<\/a><br \/>\n+420&nbsp;603&nbsp;563&nbsp;009<\/p>\n<p class=\"p1\">Stephanie Kiwitt<br \/>\ncurator<br \/>\n<a href=\"javascript:DeCryptX('3v2v2g2r1i3d1o0i1f0.3n0i0w1j2v1u1A2h3r3w1p3j0r0a2h0n2g0t1\/0c1{')\">st&#101;&#112;h&#97;n&#105;&#101;&#46;&#107;iw&#105;t&#116;&#64;fo&#116;og&#114;afn&#101;t.cz<\/a><\/p>\n<p class=\"p1\">Anna Voswinckel<br \/>\ncurator<br \/>\n<a href=\"javascript:DeCryptX('3d3q0n1b200v3r3v0w3l2p0c1l1f2n3C0f1p3w3r1h3u0a3i0n3h3w313f3}')\">a&#110;n&#97;&#46;&#118;oswin&#99;kel&#64;fo&#116;&#111;&#103;&#114;afnet&#46;&#99;z<\/a><\/p>\n<p class=\"p1\">Sandra Faragula<br \/>\nfestival manager<br \/>\n<a href=\"javascript:DeCryptX('2u0a1o2f1s0a0.3i1b3u3d0g0u0l2c3C1g1p0t3r0g1s2c2h2p3h1u202e1{')\">sand&#114;&#97;.far&#97;&#103;ul&#97;&#64;&#102;oto&#103;r&#97;f&#110;&#101;t.c&#122;<\/a><br \/>\n+420&nbsp;728&nbsp;280&nbsp;587<\/p>\n<p class=\"p1\">Martina Malinov\u00e1<br \/>\npress<br \/>\n<a href=\"javascript:DeCryptX('2o0a0r1u2k1o0a202o3d2n3l3q0o0v3d0@1g2q0t0o1h2t2c2h0n2g1u202e1{')\">&#109;a&#114;ti&#110;&#97;.&#109;&#97;l&#105;&#110;&#111;va&#64;&#102;ot&#111;&#103;r&#97;fnet.&#99;z<\/a><br \/>\n+420&nbsp;723&nbsp;879&nbsp;556]<\/p>\n<p>[\/column]<\/p>\n<p>[column class=&#8221;col-12 col-lg-6&#8243;]<\/p>\n<p class=\"p1\">Veronika Da\u0148helov\u00e1<br \/>\neducational program<br \/>\n<a href=\"javascript:DeCryptX('2x0e2t3r3q0i2m1b200d1b1o1i2g0l3r1w1b2B2h3r2v0o3j1s0a3i0n2g3w202e2|')\">&#118;&#101;&#114;&#111;n&#105;&#107;&#97;&#46;&#100;a&#110;&#104;&#101;&#108;&#111;va&#64;f&#111;&#116;&#111;graf&#110;&#101;&#116;.c&#122;<\/a><\/p>\n<p class=\"p1\">Eli\u0161ka \u017d\u00e1kov\u00e1<br \/>\nguest service<br \/>\n<a href=\"javascript:DeCryptX('2g1m1j1t1l1b311{2c2m0o0v2c0@1g0o3w1p1h1s2c2h3q1f2v0.2e2|')\">&#101;&#108;isk&#97;.&#122;ak&#111;&#118;a&#64;&#102;&#111;t&#111;g&#114;a&#102;&#110;et.c&#122;<\/a><\/p>\n<p class=\"p1\">Pavel Mat\u011bj<br \/>\ntechnical production<br \/>\n<a href=\"javascript:DeCryptX('2r3d0v0e3o1\/1n2c3w2g1k1A1g2q0t3r2i0r2c2h2p1f2v310c0z')\">&#112;&#97;&#118;&#101;l.&#109;&#97;&#116;&#101;&#106;&#64;fo&#116;&#111;&#103;&#114;&#97;fn&#101;&#116;.&#99;z<\/a><\/p>\n<p class=\"p1\">Marie Rozm\u00e1nkov\u00e1<br \/>\nfinance and administration<br \/>\n<a href=\"javascript:DeCryptX('1n3d3u3l0e0.0r3r0z0m2c3q3n2q1w3d3C0f2q0t2q0g1s0a1g0n1f2v202e3}')\">&#109;&#97;&#114;&#105;&#101;.ro&#122;&#109;&#97;n&#107;o&#118;a&#64;&#102;&#111;&#116;og&#114;af&#110;et&#46;&#99;&#122;<\/a><\/p>\n<p class=\"p1\">Ad\u00e9la Vosi\u010dkov\u00e1, Dita Havr\u00e1nkov\u00e1, Jan Kolsky\u0301<br \/>\nphoto documentation<\/p>\n<p class=\"p1\">Ale\u0161 Loziak<br \/>\nweb<br \/>\n<a href=\"javascript:DeCryptX('1b2n1f1t0.0l3r3}0i0a3n1A1g1p0t0o1h0r2c3i2p3h3w310c0z')\">a&#108;&#101;&#115;.l&#111;&#122;&#105;ak&#64;&#102;ot&#111;&#103;rafne&#116;&#46;c&#122;<\/a><\/p>\n<p class=\"p1\">Jan Bro\u017e<br \/>\ngraphic design<\/p>\n<p>[\/column]<\/p>\n<p>[\/row]<\/p>\n","protected":false},"excerpt":{"rendered":"<p>[row] [column class=&#8221;col-12 col-lg-6&#8243;] Mark\u00e9ta Kinterov\u00e1 director &#109;&#97;rke&#116;a&#46;kin&#116;e&#114;&#111;va&#64;&#102;&#111;&#116;&#111;gra&#102;&#110;&#101;t.&#99;z&nbsp;Tereza Rudolf art director &amp; curator t&#101;r&#101;&#122;a.ru&#100;&#111;&#108;&#102;&#64;f&#111;t&#111;gr&#97;&#102;n&#101;&#116;.&#99;z&nbsp;+420&nbsp;603&nbsp;563&nbsp;009 Stephanie Kiwitt curator s&#116;&#101;ph&#97;&#110;&#105;e&#46;&#107;&#105;w&#105;tt&#64;f&#111;&#116;&#111;&#103;&#114;a&#102;&#110;&#101;t.&#99;z&nbsp;Anna Voswinckel curator an&#110;&#97;.v&#111;&#115;&#119;&#105;&#110;c&#107;&#101;&#108;&#64;&#102;otogr&#97;&#102;&#110;&#101;&#116;.&#99;&#122; Sandra Faragula festival manager s&#97;&#110;d&#114;a&#46;&#102;ara&#103;&#117;la&#64;&#102;o&#116;o&#103;r&#97;&#102;&#110;et&#46;&#99;&#122; +420&nbsp;728&nbsp;280&nbsp;587 Martina Malinov\u00e1 press m&#97;&#114;t&#105;&#110;a.&#109;a&#108;&#105;nova&#64;&#102;o&#116;ograf&#110;&#101;t.&#99;z&nbsp;+420&nbsp;723&nbsp;879&nbsp;556] [\/column] [column class=&#8221;col-12 col-lg-6&#8243;] Veronika Da\u0148helov\u00e1 educational program ve&#114;&#111;n&#105;&#107;&#97;.d&#97;&#110;&#104;e&#108;&#111;&#118;a&#64;fo&#116;&#111;g&#114;afnet&#46;cz Eli\u0161ka \u017d\u00e1kov\u00e1 guest service &#101;lisk&#97;.&#122;a&#107;o&#118;&#97;&#64;f&#111;&#116;o&#103;raf&#110;&#101;t&#46;&#99;&#122; Pavel Mat\u011bj technical production &#112;&#97;&#118;&#101;&#108;&#46;mat&#101;&#106;&#64;f&#111;&#116;&#111;gra&#102;&#110;&#101;&#116;.&#99;&#122; Marie [&hellip;]<\/p>\n","protected":false},"author":10,"featured_media":0,"parent":4123,"menu_order":0,"comment_status":"closed","ping_status":"closed","template":"","meta":{"_acf_changed":false,"footnotes":""},"acf":[],"_links":{"self":[{"href":"https:\/\/2022.fotografestival.cz\/en\/wp-json\/wp\/v2\/pages\/4238"}],"collection":[{"href":"https:\/\/2022.fotografestival.cz\/en\/wp-json\/wp\/v2\/pages"}],"about":[{"href":"https:\/\/2022.fotografestival.cz\/en\/wp-json\/wp\/v2\/types\/page"}],"author":[{"embeddable":true,"href":"https:\/\/2022.fotografestival.cz\/en\/wp-json\/wp\/v2\/users\/10"}],"replies":[{"embeddable":true,"href":"https:\/\/2022.fotografestival.cz\/en\/wp-json\/wp\/v2\/comments?post=4238"}],"version-history":[{"count":2,"href":"https:\/\/2022.fotografestival.cz\/en\/wp-json\/wp\/v2\/pages\/4238\/revisions"}],"predecessor-version":[{"id":4294,"href":"https:\/\/2022.fotografestival.cz\/en\/wp-json\/wp\/v2\/pages\/4238\/revisions\/4294"}],"up":[{"embeddable":true,"href":"https:\/\/2022.fotografestival.cz\/en\/wp-json\/wp\/v2\/pages\/4123"}],"wp:attachment":[{"href":"https:\/\/2022.fotografestival.cz\/en\/wp-json\/wp\/v2\/media?parent=4238"}],"curies":[{"name":"wp","href":"https:\/\/api.w.org\/{rel}","templated":true}]}}