{"id":4013,"date":"2019-09-26T06:39:22","date_gmt":"2019-09-26T06:39:22","guid":{"rendered":"https:\/\/fotografestival.cz\/2021\/\/rocnik-2019\/festival-friendly\/"},"modified":"2019-10-11T15:16:35","modified_gmt":"2019-10-11T15:16:35","slug":"festival-friendly","status":"publish","type":"page","link":"https:\/\/2022.fotografestival.cz\/en\/rocnik-2019\/festival-friendly\/","title":{"rendered":"Festival Friendly"},"content":{"rendered":"<div id=\"pl-4013\"  class=\"panel-layout\" ><div id=\"pg-4013-0\"  class=\"panel-grid panel-no-style\" ><div id=\"pgc-4013-0-0\"  class=\"panel-grid-cell\" ><div id=\"panel-4013-0-0-0\" class=\"so-panel widget widget_sow-editor panel-first-child panel-last-child\" data-index=\"0\" ><div\n\t\t\t\n\t\t\tclass=\"so-widget-sow-editor so-widget-sow-editor-base\"\n\t\t\t\n\t\t>\n<div class=\"siteorigin-widget-tinymce textwidget\">\n\t<h3>Fotograf Festival #9 presents FESTIVAL FRIENDLY caf\u00e9s in Prague, that offer the guests, exhibiting artists, curators and festival participants not only a&nbsp;pleasant environment, refreshment and rest from the festival events, but also discount vouchers for coffee and other soft drinks.<\/h3>\n<\/div>\n<\/div><\/div><\/div><div id=\"pgc-4013-0-1\"  class=\"panel-grid-cell\" ><div id=\"panel-4013-0-1-0\" class=\"so-panel widget widget_sow-editor panel-first-child panel-last-child\" data-index=\"1\" ><div\n\t\t\t\n\t\t\tclass=\"so-widget-sow-editor so-widget-sow-editor-base\"\n\t\t\t\n\t\t>\n<div class=\"siteorigin-widget-tinymce textwidget\">\n\t<h4>Were and how to apply the discount vouchers?<\/h4>\n<p>In the overview and on the map of the festival venues you can find our Festival Friendly caf\u00e9s with information on the types of the discount vouchers and their application.<\/p>\n<p>The discount vouchers are available in a&nbsp;limited number only and can be redeemed until 30 November 2019.<\/p>\n<p>The discount vouchers are being issued to those interested at the Fotograf Gallery, Jungmannova 7, Prague 1, in exchange for a&nbsp;valid ticket purchased for an exhibition or event held as a&nbsp;part of this year's Fotograf Festival.<\/p>\n<\/div>\n<\/div><\/div><\/div><\/div><div id=\"pg-4013-1\"  class=\"panel-grid panel-no-style\" ><div id=\"pgc-4013-1-0\"  class=\"panel-grid-cell\" ><div id=\"panel-4013-1-0-0\" class=\"so-panel widget widget_sow-editor panel-first-child panel-last-child\" data-index=\"2\" ><div\n\t\t\t\n\t\t\tclass=\"so-widget-sow-editor so-widget-sow-editor-base\"\n\t\t\t\n\t\t>\n<div class=\"siteorigin-widget-tinymce textwidget\">\n\t<h3>FESTIVAL FRIENDLY kav\u00e1rny<\/h3>\n<\/div>\n<\/div><\/div><\/div><\/div><div id=\"pg-4013-2\"  class=\"panel-grid panel-no-style\" ><div id=\"pgc-4013-2-0\"  class=\"panel-grid-cell\" ><div id=\"panel-4013-2-0-0\" class=\"so-panel widget widget_sow-editor panel-first-child panel-last-child\" data-index=\"3\" ><div\n\t\t\t\n\t\t\tclass=\"so-widget-sow-editor so-widget-sow-editor-base\"\n\t\t\t\n\t\t>\n<div class=\"siteorigin-widget-tinymce textwidget\">\n\t<p><strong>Caf\u00e9 NoD<\/strong><br \/>\nDlouh\u00e1 33, 110&nbsp;00 Prague 1 - Star\u00e9 M\u011bsto<br \/>\n20% discount on consumption for the voucher holders \u201eFF#9 Friendly Caf\u00e9 NoD\u201c<br \/>\n<a href=\"http:\/\/nod.roxy.cz\/cafe\/\" target=\"_blank\" rel=\"noopener noreferrer\">nod.roxy.cz\/cafe<\/a><\/p>\n<p><strong>SmetanaQ Caf\u00e9 &amp; Bistro<\/strong><br \/>\nSmetanovo n\u00e1b\u0159. 334\/4, 110&nbsp;00 Prague 1 - Star\u00e9 M\u011bsto<br \/>\n10% discount on consumption (except alcoholic drinks) for the voucher holders \u201eFF#9 Friendly SmetanaQ Caf\u00e9 &amp; Bistro\u201c<br \/>\n<a href=\"http:\/\/smetanaq.cz\/#cafe-bistro\" target=\"_blank\" rel=\"noopener noreferrer\">smetanaq.cz\/#cafe-bistro<\/a><\/p>\n<p><strong>Bar Cobra<\/strong><br \/>\nM. Hor\u00e1kov\u00e9 688\/8, 170&nbsp;00 Prague 7 - Hole\u0161ovice<br \/>\n10% discount on consumption for the voucher holders \u201eFF#9 Friendly Bar Cobra\u201c<br \/>\n<a href=\"http:\/\/barcobra.cz\" target=\"_blank\" rel=\"noopener noreferrer\">barcobra.cz<\/a><\/p>\n<p><strong>Langhans, kav\u00e1rna \u010clov\u011bka v&nbsp;t\u00edsni<\/strong><br \/>\nVodi\u010dkova 707\/37, 110&nbsp;00 Prague 1 \u2013 New Town<br \/>\n20% discount on consumption for the voucher holders \u201eFF#9 Friendly Caf\u00e9\u201c<br \/>\n<a href=\"http:\/\/clovekvtisni.cz\/co-delame\/centrum-langhans\" target=\"_blank\" rel=\"noopener noreferrer\">clovekvtisni.cz\/co-delame\/centrum-langhans<\/a><\/p>\n<p><strong>Cafe Nona<\/strong><br \/>\nN\u00e1rodn\u00ed 1393\/4, 110&nbsp;00 Prague 1 - New Town, 3rd floor of the New Stage of the National Theater<br \/>\n20% discount on consumption for the voucher holders \u201eFF#9 Friendly Caf\u00e9\u201c<br \/>\n<a href=\"http:\/\/cafenona.cz\" target=\"_blank\" rel=\"noopener noreferrer\">cafenona.cz<\/a><\/p>\n<\/div>\n<\/div><\/div><\/div><div id=\"pgc-4013-2-1\"  class=\"panel-grid-cell\" ><div id=\"panel-4013-2-1-0\" class=\"so-panel widget widget_sow-editor panel-first-child panel-last-child\" data-index=\"4\" ><div\n\t\t\t\n\t\t\tclass=\"so-widget-sow-editor so-widget-sow-editor-base\"\n\t\t\t\n\t\t>\n<div class=\"siteorigin-widget-tinymce textwidget\">\n\t<p><strong>KAFE DAMU<\/strong><br \/>\nKarlova 26, 110&nbsp;00 Prague 1 - Old Town<br \/>\n20% discount on consumption for the voucher holders \u201eFF#9 Friendly Caf\u00e9\u201c<br \/>\n<a href=\"http:\/\/damu.cz\/fakultni-kavarna\" target=\"_blank\" rel=\"noopener noreferrer\">damu.cz\/fakultni-kavarna<\/a><\/p>\n<p><strong>VNITROBLOCK<\/strong><br \/>\nTusarova 791\/31, 170&nbsp;00 Prague 7 - Hole\u0161ovice<br \/>\n20% discount on consumption for the voucher holders \u201eFF#9 Friendly Caf\u00e9\u201c<br \/>\n<a href=\"http:\/\/vnitroblock.cz\" target=\"_blank\" rel=\"noopener noreferrer\">vnitroblock.cz<\/a><\/p>\n<p><strong>Klub AVU<\/strong><br \/>\nAVU, U&nbsp;Akademie 172\/4, 170&nbsp;00 Prague 7 - Bubene\u010d<br \/>\n20% discount on consumption (except hard alcoholic drinks) for the voucher holders \u201eFF#9 Friendly Caf\u00e9\u201c<br \/>\n<a href=\"http:\/\/facebook.com\/klubAVU\" target=\"_blank\" rel=\"noopener noreferrer\">facebook.com\/klubAVU<\/a><\/p>\n<p><strong>Kas\u00e1rna Karl\u00edn<\/strong><br \/>\nPrvn\u00edho pluku 20\/2, 186&nbsp;00 Prague 8 - Karl\u00edn<br \/>\n30% discount on consumption for the voucher holders \u201eFF#9 Friendly Caf\u00e9\u201c<br \/>\n<a href=\"https:\/\/kasarnakarlin.cz\">kasarnakarlin.cz<\/a><\/p>\n<\/div>\n<\/div><\/div><\/div><\/div><\/div>","protected":false},"excerpt":{"rendered":"<p>Fotograf Festival #9 presents FESTIVAL FRIENDLY caf\u00e9s in Prague, that offer the guests, exhibiting artists, curators and festival participants not only a&nbsp;pleasant environment, refreshment and rest from the festival events, but also discount vouchers for coffee and other soft drinks. Were and how to apply the discount vouchers? In the overview and on the [&hellip;]<\/p>\n","protected":false},"author":10,"featured_media":0,"parent":3371,"menu_order":0,"comment_status":"closed","ping_status":"closed","template":"","meta":{"_acf_changed":false,"footnotes":""},"acf":[],"_links":{"self":[{"href":"https:\/\/2022.fotografestival.cz\/en\/wp-json\/wp\/v2\/pages\/4013"}],"collection":[{"href":"https:\/\/2022.fotografestival.cz\/en\/wp-json\/wp\/v2\/pages"}],"about":[{"href":"https:\/\/2022.fotografestival.cz\/en\/wp-json\/wp\/v2\/types\/page"}],"author":[{"embeddable":true,"href":"https:\/\/2022.fotografestival.cz\/en\/wp-json\/wp\/v2\/users\/10"}],"replies":[{"embeddable":true,"href":"https:\/\/2022.fotografestival.cz\/en\/wp-json\/wp\/v2\/comments?post=4013"}],"version-history":[{"count":3,"href":"https:\/\/2022.fotografestival.cz\/en\/wp-json\/wp\/v2\/pages\/4013\/revisions"}],"predecessor-version":[{"id":4034,"href":"https:\/\/2022.fotografestival.cz\/en\/wp-json\/wp\/v2\/pages\/4013\/revisions\/4034"}],"up":[{"embeddable":true,"href":"https:\/\/2022.fotografestival.cz\/en\/wp-json\/wp\/v2\/pages\/3371"}],"wp:attachment":[{"href":"https:\/\/2022.fotografestival.cz\/en\/wp-json\/wp\/v2\/media?parent=4013"}],"curies":[{"name":"wp","href":"https:\/\/api.w.org\/{rel}","templated":true}]}}