{"id":4007,"date":"2016-09-02T08:41:04","date_gmt":"2016-09-02T06:41:04","guid":{"rendered":"https:\/\/fotografestival.cz\/2021\/\/rocnik-2019\/patroni\/"},"modified":"2019-10-17T09:37:30","modified_gmt":"2019-10-17T09:37:30","slug":"patrons","status":"publish","type":"page","link":"https:\/\/2022.fotografestival.cz\/en\/rocnik-2019\/patrons\/","title":{"rendered":"Patrons"},"content":{"rendered":"<div id=\"pl-4007\"  class=\"panel-layout\" ><div id=\"pg-4007-0\"  class=\"panel-grid panel-no-style\" ><div id=\"pgc-4007-0-0\"  class=\"panel-grid-cell\" ><div id=\"panel-4007-0-0-0\" class=\"so-panel widget widget_sow-editor panel-first-child panel-last-child\" data-index=\"0\" ><div\n\t\t\t\n\t\t\tclass=\"so-widget-sow-editor so-widget-sow-editor-base\"\n\t\t\t\n\t\t>\n<div class=\"siteorigin-widget-tinymce textwidget\">\n\t<h3>This year Fotograf Festival is supported by personalities, colleagues and friends from the field of culture and art in the Czech Republic and abroad.<\/h3>\n<\/div>\n<\/div><\/div><\/div><\/div><div id=\"pg-4007-1\"  class=\"panel-grid panel-no-style\" ><div id=\"pgc-4007-1-0\"  class=\"panel-grid-cell\" ><div id=\"panel-4007-1-0-0\" class=\"so-panel widget widget_sow-editor panel-first-child panel-last-child\" data-index=\"1\" ><div\n\t\t\t\n\t\t\tclass=\"so-widget-sow-editor so-widget-sow-editor-base\"\n\t\t\t\n\t\t>\n<div class=\"siteorigin-widget-tinymce textwidget\">\n\t<p><strong>Hana T\u0159e\u0161t\u00edkov\u00e1<\/strong><br \/>\nCouncillor of the City of Prague responsible for culture, heritage, exhibitions and tourism<\/p>\n<p><strong>Pavel Ba\u0148ka<\/strong><br \/>\nphotographer, co-founder Fotograf 07 z.s.<br \/>\n\u201eI am honored to be the patron of the Fotograf Festival. I&nbsp;was at its foundation. The first year of the festival introduced a&nbsp;similar theme \"the 1980s\". After nine years, the festival returns to the same time period, but the topic is viewed from a&nbsp;different perspective. The Archeology of Euphoria brilliantly responds to what the distance from the era of the historical changes at the turn of the 1980s and 1990s has brought to us. What has remained and what has been subjected to the sobering process and yet relentless faith. It is important to see these changes from different angles and contexts, as this year's Fotograf Festival and Fotograf Magazine are doing. Thanks to the entire festival team.\u201c<\/p>\n<p><strong>Helena Koenigsmarkov\u00e1<\/strong><br \/>\ndirector of the Museum of Decorative Arts in Prague<\/p>\n<p><strong>Sr\u00e1\u010d Sam<\/strong><br \/>\nvisual artist, curator and gallerist<br \/>\n\"A festival, to me, is generally an annoying form of presenting anything, and the exception to this rule is the Fotograf Festival, which has become an identifier of continual thinking about photography without defining ultimate boundaries.\"<\/p>\n<p><strong>Petra H\u016flov\u00e1<\/strong><br \/>\nwriter<br \/>\n\u201cI like the selection of the time period: 1985\u20131995. Finally, the Velvet Revolution does not serve as the turning point.\u201d<\/p>\n<p><strong>Tomas Carl Allen and Michal \u010c\u00e1p<\/strong><br \/>\nphotographers and founders of the <a href=\"https:\/\/www.polagraph.cz\/\" target=\"_blank\" rel=\"noopener\">Polagraph project<\/a><\/p>\n<\/div>\n<\/div><\/div><\/div><div id=\"pgc-4007-1-1\"  class=\"panel-grid-cell\" ><div id=\"panel-4007-1-1-0\" class=\"so-panel widget widget_sow-editor panel-first-child panel-last-child\" data-index=\"2\" ><div\n\t\t\t\n\t\t\tclass=\"so-widget-sow-editor so-widget-sow-editor-base\"\n\t\t\t\n\t\t>\n<div class=\"siteorigin-widget-tinymce textwidget\">\n\t<p><strong>Michal Nanoru<\/strong><br \/>\npublicist, music critic<\/p>\n<p><strong>Ond\u0159ej Hor\u00e1k<\/strong><br \/>\nwriter<\/p>\n<p><strong>Adam Budak<\/strong><br \/>\ncurator, National Gallery Prague<\/p>\n<p><strong>Maxim Vel\u010dovsk\u00fd<\/strong><br \/>\ndesigner, head of the Ceramics and Porcelain Studio of Academy of Arts, Architecture and Design in Prague<\/p>\n<p><strong>Ester Geislerov\u00e1<\/strong><br \/>\nactress and visual artist<br \/>\n\u201cI\u2019ve been keen on photography since my childhood. And that's why I&nbsp;want to support both the Fotograf Magazine and Fotograf Festival, because they are responsibly cultivating this medium and everything around it \u201d<\/p>\n<p><strong>Tom\u00e1\u0161 Han\u00e1k<\/strong><br \/>\nactor and moderator<\/p>\n<p><strong>Moritz Neum\u00fcller<\/strong><br \/>\nPhotoIreland &amp; The CuratorShip<\/p>\n<p><strong>Andreas M\u00fcller-Pohle<\/strong><br \/>\nEuropean Photography<\/p>\n<\/div>\n<\/div><\/div><\/div><\/div><\/div>","protected":false},"excerpt":{"rendered":"<p>metaseo_html_sitemap<\/p>\n","protected":false},"author":10,"featured_media":0,"parent":3371,"menu_order":0,"comment_status":"closed","ping_status":"closed","template":"","meta":{"_acf_changed":false,"footnotes":""},"acf":[],"_links":{"self":[{"href":"https:\/\/2022.fotografestival.cz\/en\/wp-json\/wp\/v2\/pages\/4007"}],"collection":[{"href":"https:\/\/2022.fotografestival.cz\/en\/wp-json\/wp\/v2\/pages"}],"about":[{"href":"https:\/\/2022.fotografestival.cz\/en\/wp-json\/wp\/v2\/types\/page"}],"author":[{"embeddable":true,"href":"https:\/\/2022.fotografestival.cz\/en\/wp-json\/wp\/v2\/users\/10"}],"replies":[{"embeddable":true,"href":"https:\/\/2022.fotografestival.cz\/en\/wp-json\/wp\/v2\/comments?post=4007"}],"version-history":[{"count":3,"href":"https:\/\/2022.fotografestival.cz\/en\/wp-json\/wp\/v2\/pages\/4007\/revisions"}],"predecessor-version":[{"id":4067,"href":"https:\/\/2022.fotografestival.cz\/en\/wp-json\/wp\/v2\/pages\/4007\/revisions\/4067"}],"up":[{"embeddable":true,"href":"https:\/\/2022.fotografestival.cz\/en\/wp-json\/wp\/v2\/pages\/3371"}],"wp:attachment":[{"href":"https:\/\/2022.fotografestival.cz\/en\/wp-json\/wp\/v2\/media?parent=4007"}],"curies":[{"name":"wp","href":"https:\/\/api.w.org\/{rel}","templated":true}]}}