{"id":2982,"date":"2018-06-02T06:52:36","date_gmt":"2018-06-02T06:52:36","guid":{"rendered":"http:\/\/fotografestival.cz\/2018\/kontakt\/"},"modified":"2018-08-01T09:27:33","modified_gmt":"2018-08-01T09:27:33","slug":"contact","status":"publish","type":"page","link":"https:\/\/2022.fotografestival.cz\/en\/rocnik-2018\/contact\/","title":{"rendered":"Contact"},"content":{"rendered":"<div id=\"pl-2982\"  class=\"panel-layout\" ><div id=\"pg-2982-0\"  class=\"panel-grid panel-has-style\" ><div class=\"contacts panel-row-style panel-row-style-for-2982-0\" ><div id=\"pgc-2982-0-0\"  class=\"panel-grid-cell\" ><div id=\"panel-2982-0-0-0\" class=\"so-panel widget widget_sow-editor panel-first-child panel-last-child\" data-index=\"0\" ><div\n\t\t\t\n\t\t\tclass=\"so-widget-sow-editor so-widget-sow-editor-base\"\n\t\t\t\n\t\t>\n<div class=\"siteorigin-widget-tinymce textwidget\">\n\t<p><span style=\"font-weight: 400;\">Festival Fotograf is organized by the Fotograf 07 registered association<\/span><br \/>\n<span style=\"font-weight: 400;\">Jungmannova 7<\/span>, Praha 1, 110&nbsp;00<br \/>\nE: <a>i&#110;fo&#64;&#102;&#111;&#116;&#111;g&#114;af&#110;et&#46;&#99;&#122;<\/a><br \/>\nT.: +420&nbsp;222&nbsp;942&nbsp;334<\/p>\n<p dir=\"ltr\"><strong>Mark\u00e9ta Kinterov\u00e1\u2028<\/strong><br \/>\n<em>director<\/em><br \/>\n<a href=\"javascript:DeCryptX('1n1b2t2m2g1u3d1\/0k1j3q2v3h3u0o2x3d1A0f1p0t0o1h3u3d3i3q1f2v311d1{')\">&#109;&#97;r&#107;&#101;&#116;&#97;&#46;&#107;&#105;&#110;&#116;e&#114;ova&#64;&#102;o&#116;&#111;graf&#110;&#101;t.cz<\/a><\/p>\n<p class=\"gmail_default\"><strong>\u200bTereza Rudolf<\/strong><br \/>\n<em>coordinator and festival dramaturge<\/em><br \/>\n\u200b<a href=\"javascript:DeCryptX('3w2g3u1f1{3d312t3x1e0o1m1g1A1g1p1u3r3j0r1b0f0n0e0t1\/3f3}')\">tereza.rudolf@fotografnet.<wbr><\/wbr>cz<\/a><br \/>\n+420&nbsp;603&nbsp;563&nbsp;009<\/p>\n<p dir=\"ltr\"><strong>Veronika Da\u0148helov\u00e1<br \/>\n<\/strong><em>educational program<\/em><br \/>\n<a href=\"javascript:DeCryptX('0v1f1s3r0n1j0k2c1\/1e1b3q3k0e0l2q3y0a1A2h3r2v3r2i3u2c0f3q1f3w201d3}')\">v&#101;&#114;o&#110;i&#107;&#97;&#46;da&#110;h&#101;&#108;ov&#97;&#64;f&#111;to&#103;r&#97;&#102;&#110;e&#116;&#46;&#99;z<\/a><br \/>\n+420&nbsp;603&nbsp;425&nbsp;057<\/p>\n<p dir=\"ltr\"><strong>Eli\u0161ka \u017d\u00e1kov\u00e1<\/strong><br \/>\n<em>international relations<\/em><br \/>\n<a href=\"javascript:DeCryptX('1f1m0i2u1l1b1\/1{1b3n2q3y1b0@3i0o0t2q3j1s2c2h3q0e1u1\/2e1{')\">el&#105;&#115;ka.za&#107;ov&#97;&#64;fo&#116;&#111;g&#114;&#97;&#102;n&#101;&#116;.c&#122;<\/a><\/p>\n<p dir=\"ltr\"><strong>Barbora Soukupov\u00e1<\/strong><br \/>\n<em>office manager<\/em><br \/>\n<a href=\"javascript:DeCryptX('0b1b2t2d3r1s3d0.0s0o2w2m1v1q3r0v3d1A0f1p3w3r2i3u1b3i0n0e0t1\/1d3}')\">b&#97;&#114;b&#111;ra&#46;&#115;ou&#107;&#117;&#112;o&#118;&#97;&#64;f&#111;t&#111;&#103;&#114;a&#102;net.cz<\/a><\/p>\n<\/div>\n<\/div><\/div><\/div><div id=\"pgc-2982-0-1\"  class=\"panel-grid-cell\" ><div id=\"panel-2982-0-1-0\" class=\"so-panel widget widget_sow-editor panel-first-child panel-last-child\" data-index=\"1\" ><div class=\"panel-widget-style panel-widget-style-for-2982-0-1-0\" ><div\n\t\t\t\n\t\t\tclass=\"so-widget-sow-editor so-widget-sow-editor-base\"\n\t\t\t\n\t\t>\n<div class=\"siteorigin-widget-tinymce textwidget\">\n\t<p dir=\"ltr\"><strong>Marie \u0160tindlov\u00e1<\/strong><br \/>\n<em><span style=\"font-weight: 400;\">technical production<\/span><br \/>\n<\/em><a href=\"javascript:DeCryptX('0m1b2t0i3h310s1u2k3q2f1m1p1w0a2B3i3r0t0o3j1s2c3i0n3h2v200c3}')\">mar&#105;e&#46;&#115;tin&#100;&#108;o&#118;&#97;&#64;&#102;&#111;&#116;og&#114;&#97;&#102;net.c&#122;<\/a><br \/>\n+420&nbsp;725&nbsp;365&nbsp;792<\/p>\n<p dir=\"ltr\"><strong>Ad\u00e9la Korbi\u010dkov\u00e1<\/strong><br \/>\n<em><span style=\"font-weight: 400;\">technical production<\/span><\/em><br \/>\n<a href=\"javascript:DeCryptX('2c0d0e0l3d0.3n2q3u2d1j0c0k1p2x2c1A1g0o1u1p3j0r0a0f2p3h3w0.1d3}')\">&#97;d&#101;&#108;&#97;&#46;ko&#114;&#98;ic&#107;o&#118;&#97;&#64;f&#111;to&#103;&#114;&#97;f&#110;et&#46;c&#122;<\/a><br \/>\n+420&nbsp;775&nbsp;956&nbsp;671<\/p>\n<p><strong>Sandra Svobodov\u00e1<\/strong><br \/>\n<em><span style=\"font-weight: 400;\">coordination assistant and social media<\/span><\/em><br \/>\n<a href=\"javascript:DeCryptX('3v2c0n0d2t1b202u0v2q1c1p2f1p0v0a1A3i0o3w0o0g1s3d3i2p3h3w201d0z')\">&#115;&#97;n&#100;&#114;a.s&#118;obo&#100;&#111;&#118;a&#64;&#102;o&#116;o&#103;&#114;&#97;&#102;ne&#116;.&#99;z<\/a><br \/>\n+420&nbsp;728&nbsp;280&nbsp;587<\/p>\n<p><strong>Ad\u00e9la Vosi\u010dkov\u00e1, Dita Havr\u00e1nkov\u00e1, Jan Kolsk\u00fd<\/strong><br \/>\n<em><span style=\"font-weight: 400;\">photo-documentation<\/span><\/em><\/p>\n<p><strong>Eva Hodek\u2028<\/strong><br \/>\n<em>fundraiser<\/em><br \/>\n<a href=\"javascript:DeCryptX('1f1w2c310h3r1e2g1l1A0f1p2v0o2i3u0a1g1o0e2v0.3f1{')\">&#101;v&#97;.h&#111;&#100;ek&#64;&#102;o&#116;o&#103;r&#97;&#102;n&#101;&#116;.c&#122;<\/a><\/p>\n<p dir=\"ltr\"><strong>Ale\u0161 Loziak<\/strong><br \/>\n<em>webmaster<\/em><br \/>\n<a href=\"javascript:DeCryptX('3d0l2g3v311m1p3}2k3d2m2B3i1p2v3r0g0r1b1g3q1f2v1\/0c0z')\">a&#108;e&#115;.&#108;oz&#105;&#97;&#107;&#64;fo&#116;&#111;&#103;&#114;af&#110;e&#116;&#46;&#99;&#122;<\/a><\/p>\n<\/div>\n<\/div><\/div><\/div><\/div><\/div><\/div><div id=\"pg-2982-1\"  class=\"panel-grid panel-no-style\" ><div id=\"pgc-2982-1-0\"  class=\"panel-grid-cell\" ><div id=\"panel-2982-1-0-0\" class=\"so-panel widget widget_sow-editor panel-first-child panel-last-child\" data-index=\"2\" ><div\n\t\t\t\n\t\t\tclass=\"so-widget-sow-editor so-widget-sow-editor-base\"\n\t\t\t\n\t\t>\n<div class=\"siteorigin-widget-tinymce textwidget\">\n\t<div><a href=\"http:\/\/www.fotografestival.cz\">www.fotografestival.cz<\/a><br \/>\n<a href=\"http:\/\/www.fotografgallery.cz\/\">www.fotografgallery.cz\/<\/a><br \/>\n<a href=\"http:\/\/www.fotografmagazine.cz\/\">www.fotografmagazine.cz<\/a><br \/>\n<a href=\"https:\/\/www.facebook.com\/fotografestival\">www.facebook.com\/fotografestival<\/a><\/div>\n<div><\/div>\n<div class=\"social-net\">\n<p><a class=\"ff-logo\" href=\"http:\/\/fotografestival.cz\/2018\/\"><span class=\"hidden\">Festival Fotograf<\/span><\/a><\/p>\n<ul>\n<li><a class=\"sc-icon sc-fb\" href=\"https:\/\/www.facebook.com\/fotografestival\"><span class=\"hidden\">Festival Fotograf je na Facebooku<\/span><\/a><\/li>\n<li><a class=\"sc-icon sc-inst\" href=\"https:\/\/www.instagram.com\/fotografestival\/\"><span class=\"hidden\">Festival Fotograf Instagram<\/span><\/a><\/li>\n<li><a class=\"sc-icon sc-vimeo\" href=\"https:\/\/vimeo.com\/fotograf07\"><span class=\"hidden\">Festival Fotograf Vimeo<\/span><\/a><\/li>\n<li><a class=\"sc-icon sc-yt\" href=\"https:\/\/www.youtube.com\/user\/FotografOnUtube\"><span class=\"hidden\">Festival Fotograf YouTube<\/span><\/a><\/li>\n<\/ul>\n<\/div>\n<\/div>\n<\/div><\/div><\/div><\/div><\/div>","protected":false},"excerpt":{"rendered":"<p>Festival Fotograf is organized by the Fotograf 07 registered association Jungmannova 7, Praha 1, 110&nbsp;00 E: <a href=\"javascript:DeCryptX('0i0n3i0o2B0f0o3w0o1h0r2c2h0n3h2v310c2|')\">&#105;nf&#111;&#64;&#102;&#111;tog&#114;a&#102;&#110;&#101;&#116;&#46;c&#122;<\/a> T.: +420&nbsp;222&nbsp;942&nbsp;334 Mark\u00e9ta Kinterov\u00e1\u2028 director <a href=\"javascript:DeCryptX('0m2c0r3n0e0t2c0.1l0i0n3w1f1s2q2x1b0@2h0o3w3r0g3u3d3i2p1f2v1\/2e0z')\">m&#97;r&#107;eta.kinter&#111;&#118;a&#64;&#102;&#111;to&#103;&#114;afne&#116;&#46;cz<\/a> \u200bTereza Rudolf coordinator and festival dramaturge \u200b&#116;ere&#122;&#97;&#46;ru&#100;&#111;&#108;f&#64;fot&#111;gra&#102;&#110;et.c&#122; +420&nbsp;603&nbsp;563&nbsp;009 Veronika Da\u0148helov\u00e1 educational program <a href=\"javascript:DeCryptX('2x1f2t3r3q1j3n2c1\/0d1b0n2j0e0l3r1w2c0@3i2q2v2q3j3u0a2h2p1f2v0.1d1{')\">v&#101;r&#111;ni&#107;&#97;&#46;da&#110;hel&#111;v&#97;&#64;&#102;&#111;&#116;o&#103;&#114;&#97;&#102;n&#101;&#116;.cz<\/a> +420&nbsp;603&nbsp;425&nbsp;057 Eli\u0161ka \u017d\u00e1kov\u00e1 international relations <a href=\"javascript:DeCryptX('3h1m0i1t1l2c0.0z3d3n1p3y1b0@3i0o1u0o3j2t1b0f0n1f1u0.3f0z')\">&#101;li&#115;ka&#46;&#122;&#97;&#107;ova&#64;f&#111;&#116;&#111;g&#114;&#97;f&#110;&#101;&#116;&#46;c&#122;<\/a> Barbora Soukupov\u00e1 office [&hellip;]<\/p>\n","protected":false},"author":10,"featured_media":0,"parent":3108,"menu_order":0,"comment_status":"closed","ping_status":"closed","template":"","meta":{"_acf_changed":false,"footnotes":""},"acf":[],"_links":{"self":[{"href":"https:\/\/2022.fotografestival.cz\/en\/wp-json\/wp\/v2\/pages\/2982"}],"collection":[{"href":"https:\/\/2022.fotografestival.cz\/en\/wp-json\/wp\/v2\/pages"}],"about":[{"href":"https:\/\/2022.fotografestival.cz\/en\/wp-json\/wp\/v2\/types\/page"}],"author":[{"embeddable":true,"href":"https:\/\/2022.fotografestival.cz\/en\/wp-json\/wp\/v2\/users\/10"}],"replies":[{"embeddable":true,"href":"https:\/\/2022.fotografestival.cz\/en\/wp-json\/wp\/v2\/comments?post=2982"}],"version-history":[{"count":2,"href":"https:\/\/2022.fotografestival.cz\/en\/wp-json\/wp\/v2\/pages\/2982\/revisions"}],"predecessor-version":[{"id":3243,"href":"https:\/\/2022.fotografestival.cz\/en\/wp-json\/wp\/v2\/pages\/2982\/revisions\/3243"}],"up":[{"embeddable":true,"href":"https:\/\/2022.fotografestival.cz\/en\/wp-json\/wp\/v2\/pages\/3108"}],"wp:attachment":[{"href":"https:\/\/2022.fotografestival.cz\/en\/wp-json\/wp\/v2\/media?parent=2982"}],"curies":[{"name":"wp","href":"https:\/\/api.w.org\/{rel}","templated":true}]}}