{"id":2513,"date":"2017-05-01T18:29:17","date_gmt":"2017-05-01T18:29:17","guid":{"rendered":"http:\/\/fotografestival.cz\/2017\/rocnik-2017\/kontakt\/"},"modified":"2017-11-15T14:02:37","modified_gmt":"2017-11-15T14:02:37","slug":"kontakt","status":"publish","type":"page","link":"https:\/\/2022.fotografestival.cz\/en\/rocnik-2017\/kontakt\/","title":{"rendered":"Contact"},"content":{"rendered":"<div id=\"pl-2513\"  class=\"panel-layout\" ><div id=\"pg-2513-0\"  class=\"panel-grid panel-no-style\" ><div id=\"pgc-2513-0-0\"  class=\"panel-grid-cell\" ><div id=\"panel-2513-0-0-0\" class=\"so-panel widget widget_sow-editor panel-first-child panel-last-child\" data-index=\"0\" ><div\n\t\t\t\n\t\t\tclass=\"so-widget-sow-editor so-widget-sow-editor-base\"\n\t\t\t\n\t\t>\n<div class=\"siteorigin-widget-tinymce textwidget\">\n\t<p><strong>Festival Fotograf\u00a0<\/strong>is organized by the<strong>\u00a0Fotograf 07 <\/strong>registered associasion<br \/> S\u030ckolska\u0301 28, Prague\u00a01, 110&nbsp;00<br \/> E: <a>&#105;&#110;fo&#64;f&#111;&#116;&#111;&#103;&#114;&#97;&#102;&#110;et.cz<\/a><br \/> T.: +420&nbsp;222&nbsp;942&nbsp;334<\/p>\n<p dir=\"ltr\"><strong>Mark\u00e9ta Kinterov\u00e1\u2028<\/strong><br \/><em>art director<\/em><br \/> <a>&#109;ark&#101;&#116;&#97;&#46;kin&#116;e&#114;ov&#97;&#64;f&#111;&#116;ogr&#97;f&#110;e&#116;.c&#122;<\/a><\/p>\n<p dir=\"ltr\"><strong>Jen Kratochvil<\/strong><br \/><em>curator and\u00a0festival dramaturge<\/em><br \/> <a href=\"javascript:DeCryptX('3m3h2p0.0k1s2c3w3r1d0h3y2k3o3C1g2q1u1p0g0r3d1g0n2g3w1\/2e0z')\" target=\"_blank\" rel=\"noopener noreferrer\">&#106;&#101;n&#46;k&#114;&#97;&#116;o&#99;h&#118;&#105;&#108;&#64;&#102;o&#116;&#111;&#103;ra&#102;&#110;e&#116;&#46;&#99;z<\/a><\/p>\n<p class=\"gmail_default\"><strong>\u200bTereza Rudolf Hru\u0161kov\u00e1<\/strong><br \/><em>coordinator and festival dramaturge<\/em><br \/> \u200b<a href=\"javascript:DeCryptX('3w1f1s1f0z0a0.3k0r1v0s2m0o0v3d0@1g0o2v0o2i0r0a3i2p0e0t311d0z')\" target=\"_blank\" rel=\"noopener noreferrer\">tereza.hruskova@fotografnet.<wbr><\/wbr>cz<br \/> <\/a><a href=\"tel:+420%20603%20563%20009\" target=\"_blank\" rel=\"noopener noreferrer\">+420&nbsp;603&nbsp;563&nbsp;009<\/a><\/p>\n<p dir=\"ltr\"><strong>Veronika Da\u0148helov\u00e1\u2028<br \/><\/strong><em>educaional\u00a0program<\/em><br \/> <a>veroni&#107;a.&#100;&#97;&#110;&#104;&#101;&#108;&#111;&#118;a&#64;&#102;oto&#103;r&#97;f&#110;et.&#99;&#122;<\/a><br \/> +420&nbsp;603&nbsp;425&nbsp;057<\/p>\n<p dir=\"ltr\"><a href=\"http:\/\/www.fotografgallery.cz\/\">www.fotografestival.cz<br \/>www.fotografgallery.cz<br \/> <\/a><a href=\"http:\/\/www.fotografmagazine.cz\/\">www.fotografmagazine.cz<br \/> <\/a><a href=\"https:\/\/www.facebook.com\/fotografestival\">www.facebook.com\/fotografestival<\/a><\/p>\n<\/div>\n<\/div><\/div><\/div><div id=\"pgc-2513-0-1\"  class=\"panel-grid-cell\" ><div id=\"panel-2513-0-1-0\" class=\"so-panel widget widget_sow-editor panel-first-child panel-last-child\" data-index=\"1\" ><div\n\t\t\t\n\t\t\tclass=\"so-widget-sow-editor so-widget-sow-editor-base\"\n\t\t\t\n\t\t>\n<div class=\"siteorigin-widget-tinymce textwidget\">\n\t<p dir=\"ltr\"><strong>Eli\u0161ka \u017d\u00e1kov\u00e1<\/strong><br \/><em>coordinator of guests<\/em><br \/> <a>elis&#107;&#97;.&#122;&#97;ko&#118;a&#64;f&#111;to&#103;r&#97;&#102;&#110;&#101;&#116;&#46;&#99;&#122;<\/a><\/p>\n<p dir=\"ltr\"><strong>Barbora Soukupov\u00e1<\/strong><br \/><em>office manager<\/em><br \/> <a href=\"javascript:DeCryptX('2d1b1s2d0o1s0a1\/2u0o0u0k1v3s0o2x2c1A1g1p1u2q0g0r2c2h0n2g2v313f0z')\" target=\"_blank\" rel=\"noopener noreferrer\">&#98;arbor&#97;&#46;so&#117;&#107;u&#112;&#111;&#118;a&#64;f&#111;to&#103;ra&#102;&#110;et&#46;c&#122;<\/a><\/p>\n<p dir=\"ltr\"><strong>Marie \u0160tindlov\u00e1<\/strong><br \/><em>PR, media<br \/> <\/em><a href=\"javascript:DeCryptX('1i0e0l2g3q3d0.1k0o0n0a2u2q2x0a1A2h3r2v2q0g3u1b0f3q3h0t0.0c3}')\" target=\"_blank\" rel=\"noopener noreferrer\">ma&#114;ie.&#115;&#116;&#105;ndl&#111;&#118;a&#64;&#102;ot&#111;gr&#97;f&#110;&#101;t&#46;c&#122;<\/a><br \/> +420&nbsp;725&nbsp;365&nbsp;792<\/p>\n<p dir=\"ltr\"><strong>Ad\u00e9la Vosi\u010dkov\u00e1, Dita Havr\u00e1nkov\u00e1,\u00a0Jan Kolsk\u00fd, Isa Hedez<\/strong><br \/><em>photo-documentation<\/em><\/p>\n<p><strong>Eva Hodek\u2028<\/strong><br \/> <em>fundraiser<\/em><br \/> <a href=\"javascript:DeCryptX('2g0v1b312j1p1e1f3n3C1g3r2v0o1h0r3d1g1o1f1u0.0c3}')\">ev&#97;.&#104;&#111;&#100;&#101;k&#64;&#102;&#111;&#116;&#111;gra&#102;&#110;et&#46;&#99;&#122;<\/a>\u00a0<\/p>\n<p dir=\"ltr\"><strong>Tom\u00e1\u0161 Hr\u016fza<\/strong><br \/> <em>sales manager<\/em><br \/> <a href=\"javascript:DeCryptX('1u2q3p0a0s201i2t3x3}2c1A0f1p3w2q0g1s3d3i0n3h3w311d1{')\" target=\"_blank\" rel=\"noopener noreferrer\">&#116;&#111;m&#97;&#115;&#46;&#104;ru&#122;&#97;&#64;&#102;o&#116;&#111;&#103;r&#97;&#102;&#110;&#101;&#116;.&#99;&#122;<\/a><\/p>\n<p dir=\"ltr\"><strong>DIP: Petra Roubalov\u00e1 a&nbsp;Mat\u011bj Hanauer<\/strong><br \/><em>graphic desigenr\u00a0FF 2017<\/em><br \/> <a href=\"javascript:DeCryptX('3s2g2v1s2c1A0d3l3s310g3g')\" target=\"_blank\" rel=\"noopener noreferrer\">p&#101;t&#114;a&#64;d&#105;&#112;&#46;g&#100;<\/a><br \/> <a href=\"http:\/\/www.dip.gd\/\" target=\"_blank\" rel=\"noopener noreferrer\" data-saferedirecturl=\"https:\/\/www.google.com\/url?hl=cs&amp;q=http:\/\/www.dip.gd&amp;source=gmail&amp;ust=1494144449509000&amp;usg=AFQjCNE3D08de9lYzjOWcZd-8qDfgZ_pbw\">www.dip.gd<\/a><\/p>\n<p dir=\"ltr\"><strong>Ale\u0161 Loziak<\/strong><br \/> <em>webmaster<\/em><br \/> <a>a&#108;&#101;&#115;.&#108;ozi&#97;k&#64;gmail&#46;c&#111;&#109;<\/a><\/p>\n<\/div>\n<\/div><\/div><\/div><\/div><\/div>","protected":false},"excerpt":{"rendered":"<p>Festival Fotograf\u00a0is organized by the\u00a0Fotograf 07 registered associasion S\u030ckolska\u0301 28, Prague\u00a01, 110&nbsp;00 E: <a href=\"javascript:DeCryptX('1j0n2h3r3C3i0o1u2q2i0r1b1g0n2g3w203f2|')\">info&#64;f&#111;&#116;&#111;&#103;ra&#102;ne&#116;.&#99;z<\/a> T.: +420&nbsp;222&nbsp;942&nbsp;334 Mark\u00e9ta Kinterov\u00e1\u2028art director <a href=\"javascript:DeCryptX('0m1b1s1l3h2v1b313n1j1o1u1f2t1p1w1b3C0f1p1u0o2i2t0a1g1o3h1u312e3}')\">&#109;&#97;rke&#116;&#97;&#46;kinter&#111;&#118;a&#64;fotog&#114;&#97;fnet&#46;cz<\/a> Jen Kratochvilcurator and\u00a0festival dramaturge <a href=\"javascript:DeCryptX('3m0e3q203n3u3d0t2q2e1i1w2k3o3C0f2q2v2q3j1s0a0f0n2g1u312e3}')\">jen&#46;kratoch&#118;&#105;l&#64;&#102;ot&#111;g&#114;a&#102;&#110;&#101;t.&#99;&#122;<\/a> \u200bTereza Rudolf Hru\u0161kov\u00e1coordinator and festival dramaturge \u200bt&#101;&#114;&#101;&#122;&#97;.&#104;&#114;&#117;skova&#64;&#102;o&#116;og&#114;afn&#101;&#116;.cz +420&nbsp;603&nbsp;563&nbsp;009 Veronika Da\u0148helov\u00e1\u2028educaional\u00a0program <a href=\"javascript:DeCryptX('1w1f3u3r3q3l1l1b201e2c2p2j2g3o1p3y3d0@2h3r0t3r0g3u3d3i0n0e3w312e2|')\">v&#101;r&#111;nik&#97;.&#100;&#97;n&#104;&#101;&#108;ov&#97;&#64;fo&#116;ograf&#110;e&#116;&#46;&#99;z<\/a> +420&nbsp;603&nbsp;425&nbsp;057 www.fotografestival.czwww.fotografgallery.cz www.fotografmagazine.cz www.facebook.com\/fotografestival Eli\u0161ka \u017d\u00e1kov\u00e1coordinator of guests <a href=\"javascript:DeCryptX('3h0l2k3v1l3d1\/2|1b3n2q0v0a0@2h1p1u3r2i0r0a3i1o3h2v1\/0c3}')\">&#101;lis&#107;&#97;.&#122;&#97;kova&#64;f&#111;t&#111;g&#114;&#97;fnet.&#99;z<\/a> [&hellip;]<\/p>\n","protected":false},"author":10,"featured_media":0,"parent":2418,"menu_order":0,"comment_status":"closed","ping_status":"closed","template":"","meta":{"_acf_changed":false,"footnotes":""},"acf":[],"_links":{"self":[{"href":"https:\/\/2022.fotografestival.cz\/en\/wp-json\/wp\/v2\/pages\/2513"}],"collection":[{"href":"https:\/\/2022.fotografestival.cz\/en\/wp-json\/wp\/v2\/pages"}],"about":[{"href":"https:\/\/2022.fotografestival.cz\/en\/wp-json\/wp\/v2\/types\/page"}],"author":[{"embeddable":true,"href":"https:\/\/2022.fotografestival.cz\/en\/wp-json\/wp\/v2\/users\/10"}],"replies":[{"embeddable":true,"href":"https:\/\/2022.fotografestival.cz\/en\/wp-json\/wp\/v2\/comments?post=2513"}],"version-history":[{"count":2,"href":"https:\/\/2022.fotografestival.cz\/en\/wp-json\/wp\/v2\/pages\/2513\/revisions"}],"predecessor-version":[{"id":2821,"href":"https:\/\/2022.fotografestival.cz\/en\/wp-json\/wp\/v2\/pages\/2513\/revisions\/2821"}],"up":[{"embeddable":true,"href":"https:\/\/2022.fotografestival.cz\/en\/wp-json\/wp\/v2\/pages\/2418"}],"wp:attachment":[{"href":"https:\/\/2022.fotografestival.cz\/en\/wp-json\/wp\/v2\/media?parent=2513"}],"curies":[{"name":"wp","href":"https:\/\/api.w.org\/{rel}","templated":true}]}}